{"id":380,"date":"2024-09-12T12:29:16","date_gmt":"2024-09-12T10:29:16","guid":{"rendered":"https:\/\/seminariokapu.umh.es\/?page_id=380"},"modified":"2025-06-27T12:37:27","modified_gmt":"2025-06-27T10:37:27","slug":"umh-espacio-seguro-rsf","status":"publish","type":"page","link":"https:\/\/seminariokapu.umh.es\/en\/umh-espacio-seguro-rsf\/","title":{"rendered":"Borrador autom\u00e1tico"},"content":{"rendered":"<p>[et_pb_section fb_built=&#8221;1&#8243; admin_label=&#8221;Header&#8221; _builder_version=&#8221;4.17.4&#8243; _module_preset=&#8221;default&#8221; use_background_color_gradient=&#8221;on&#8221; background_color_gradient_stops=&#8221;rgba(0,0,0,0.7) 0%|rgba(0,0,0,0.7) 100%&#8221; background_color_gradient_overlays_image=&#8221;on&#8221; background_image=&#8221;https:\/\/seminariokapu.umh.es\/files\/2024\/09\/FOTO-WEB-Ryszard-Kapuscinski.jpg&#8221; parallax=&#8221;on&#8221; custom_padding=&#8221;8vw||8vw||true|false&#8221; locked=&#8221;off&#8221; collapsed=&#8221;off&#8221; global_colors_info=&#8221;{}&#8221;][et_pb_row _builder_version=&#8221;4.21.0&#8243; _module_preset=&#8221;default&#8221; global_colors_info=&#8221;{}&#8221;][et_pb_column type=&#8221;4_4&#8243; _builder_version=&#8221;4.21.0&#8243; _module_preset=&#8221;default&#8221; global_colors_info=&#8221;{}&#8221;][et_pb_text admin_label=&#8221;T\u00edtulo p\u00e1gina&#8221; _builder_version=&#8221;4.17.4&#8243; _module_preset=&#8221;f1149286-2138-4f40-8e20-b4b918bc59dc&#8221; header_text_color=&#8221;#FFFFFF&#8221; text_orientation=&#8221;center&#8221; custom_margin=&#8221;||10px||false|false&#8221; global_colors_info=&#8221;{}&#8221;]<\/p>\n<h1>Proyecto UMH-RSF<\/h1>\n<p>[\/et_pb_text][et_pb_text admin_label=&#8221;Subt\u00edtulo p\u00e1gina&#8221; _builder_version=&#8221;4.17.4&#8243; _module_preset=&#8221;74d143a1-2a53-4dc1-9325-14127d349d2a&#8221; header_5_text_color=&#8221;#FFFFFF&#8221; text_orientation=&#8221;center&#8221; global_colors_info=&#8221;{}&#8221;]<\/p>\n<h5>Elche Espacio Seguro RSF\u2010UMH para la Libertad de Prensa<\/h5>\n<p>[\/et_pb_text][\/et_pb_column][\/et_pb_row][\/et_pb_section][et_pb_section fb_built=&#8221;1&#8243; admin_label=&#8221;About&#8221; _builder_version=&#8221;4.21.0&#8243; _module_preset=&#8221;default&#8221; locked=&#8221;off&#8221; collapsed=&#8221;off&#8221; global_colors_info=&#8221;{}&#8221;][et_pb_row admin_label=&#8221;El Seminario&#8221; _builder_version=&#8221;4.17.4&#8243; _module_preset=&#8221;default&#8221; background_size=&#8221;initial&#8221; background_position=&#8221;top_left&#8221; background_repeat=&#8221;repeat&#8221; global_colors_info=&#8221;{}&#8221;][et_pb_column type=&#8221;4_4&#8243; _builder_version=&#8221;4.16&#8243; _module_preset=&#8221;default&#8221; custom_padding=&#8221;|||&#8221; global_colors_info=&#8221;{}&#8221; custom_padding__hover=&#8221;|||&#8221;][et_pb_text admin_label=&#8221;T\u00edtulo&#8221; _builder_version=&#8221;4.17.4&#8243; _module_preset=&#8221;61636bf9-b72b-4c28-bab3-823798503361&#8243; custom_margin=&#8221;||10px||false|false&#8221; global_colors_info=&#8221;{}&#8221;]<\/p>\n<h2>UMH-RSF<\/h2>\n<p>[\/et_pb_text][et_pb_text _builder_version=&#8221;4.17.4&#8243; _module_preset=&#8221;74d628be-e3fb-4f40-a4e2-05997430a9e4&#8243; hover_enabled=&#8221;0&#8243; global_colors_info=&#8221;{}&#8221; sticky_enabled=&#8221;0&#8243;]<\/p>\n<p style=\"text-align: justify\">El programa UMH #EspacioSeguroRSF para la Libertad de Prensa cuyo objetivo principal es la defensa de la libertad de prensa a trav\u00e9s del apoyo a periodistas que trabajan en entornos hostiles, permiti\u00e9ndoles abandonar temporalmente el lugar en el que se reconoce el riesgo. Para ello, UMH y RSF ofrecen un espacio seguro desde el cual el periodista seleccionado podr\u00e1 continuar su labor period\u00edstica, adem\u00e1s de contribuir a la formaci\u00f3n de futuros periodistas a trav\u00e9s de talleres que se integran en el Seminario Permanente Ryszard Kapuscinski de Periodismo Internacional, Derechos Humanos, Migraci\u00f3n y Fronteras que se imparte en los \u00faltimos cursos del grado de Periodismo y del doble grado de Comunicaci\u00f3n Audiovisual y Periodismo.<\/p>\n<p>[\/et_pb_text][et_pb_image src=&#8221;https:\/\/seminariokapu.umh.es\/files\/2024\/09\/reporteros.jpg&#8221; title_text=&#8221;reporteros&#8221; align=&#8221;center&#8221; _builder_version=&#8221;4.17.4&#8243; _module_preset=&#8221;default&#8221; hover_enabled=&#8221;0&#8243; global_colors_info=&#8221;{}&#8221; sticky_enabled=&#8221;0&#8243;][\/et_pb_image][\/et_pb_column][\/et_pb_row][et_pb_row admin_label=&#8221;Fila foto&#8221; _builder_version=&#8221;4.21.0&#8243; _module_preset=&#8221;default&#8221; locked=&#8221;off&#8221; global_colors_info=&#8221;{}&#8221;][et_pb_column type=&#8221;4_4&#8243; _builder_version=&#8221;4.16&#8243; _module_preset=&#8221;default&#8221; custom_padding=&#8221;|||&#8221; global_colors_info=&#8221;{}&#8221; custom_padding__hover=&#8221;|||&#8221;][et_pb_text _builder_version=&#8221;4.17.4&#8243; _module_preset=&#8221;74d628be-e3fb-4f40-a4e2-05997430a9e4&#8243; hover_enabled=&#8221;0&#8243; global_colors_info=&#8221;{}&#8221; sticky_enabled=&#8221;0&#8243;]<\/p>\n<p style=\"text-align: justify\">Las dos beneficiarias de la primera edici\u00f3n tuvieron que abandonar sus respectivos pa\u00edses por graves amenazas por ejercer el periodismo. Las periodistas Andrea Aldana (Colombia) y Loraine Morales (Cuba), participaron como docentes en talleres para estudiantes de los \u00faltimos cursos del Grado en Periodismo y del Doble Grado en Comunicaci\u00f3n Audiovisual y Periodismo (CAUP) de la UMH durante el curso 2023-24. Las ponencias estuvieron integradas en el <em>Seminario Permanente Ryszard Kapuscinski de Periodismo y Derechos Humanos<\/em> dentro de las asignaturas de Comunicaci\u00f3n Pol\u00edtica y \u00c9tica y Deontolog\u00eda Profesional. Durante los meses de estancia en el campus de Elche de la UMH, como profesoras colaboradoras honor\u00edficas del Departamento de Ciencias Sociales y Humanas, tuvieron la oportunidad de interactuar con estudiantes, profesores y periodistas profesionales.<\/p>\n<p>[\/et_pb_text][et_pb_image src=&#8221;https:\/\/seminariokapu.umh.es\/files\/2024\/09\/curso-23-24.jpg&#8221; title_text=&#8221;curso-23-24&#8243; _builder_version=&#8221;4.17.4&#8243; _module_preset=&#8221;default&#8221; hover_enabled=&#8221;0&#8243; global_colors_info=&#8221;{}&#8221; align=&#8221;center&#8221; sticky_enabled=&#8221;0&#8243;][\/et_pb_image][et_pb_text admin_label=&#8221;Pie&#8221; _builder_version=&#8221;4.17.4&#8243; _module_preset=&#8221;74d628be-e3fb-4f40-a4e2-05997430a9e4&#8243; custom_margin=&#8221;-20px||||false|false&#8221; global_colors_info=&#8221;{}&#8221;]<\/p>\n<p style=\"font-size: 12px\">Inauguraci\u00f3n programa curso 2023-24<\/p>\n<p>[\/et_pb_text][\/et_pb_column][\/et_pb_row][et_pb_row admin_label=&#8221;Fila foto&#8221; _builder_version=&#8221;4.21.0&#8243; _module_preset=&#8221;default&#8221; locked=&#8221;off&#8221; global_colors_info=&#8221;{}&#8221;][et_pb_column type=&#8221;4_4&#8243; _builder_version=&#8221;4.16&#8243; _module_preset=&#8221;default&#8221; custom_padding=&#8221;|||&#8221; global_colors_info=&#8221;{}&#8221; custom_padding__hover=&#8221;|||&#8221;][et_pb_text _builder_version=&#8221;4.17.4&#8243; _module_preset=&#8221;default&#8221; global_colors_info=&#8221;{}&#8221;]<\/p>\n<p>En su segunda edici\u00f3n ha recibido la menci\u00f3n de honor del Premio Iberoamericano \u00d3scar Romero de Educaci\u00f3n en Derechos Humanos, entregado en junio de 2024, en Madrid, por la Organizaci\u00f3n de Estados Iberoamericanos, a su vez premiada con el Premio Princesa de Asturias de Cooperaci\u00f3n.<\/p>\n<p>[\/et_pb_text][et_pb_image src=&#8221;https:\/\/seminariokapu.umh.es\/files\/2024\/09\/oei-2.jpg&#8221; title_text=&#8221;oei-2&#8243; _builder_version=&#8221;4.17.4&#8243; _module_preset=&#8221;default&#8221; hover_enabled=&#8221;0&#8243; global_colors_info=&#8221;{}&#8221; align=&#8221;center&#8221; sticky_enabled=&#8221;0&#8243;][\/et_pb_image][et_pb_text admin_label=&#8221;Pie&#8221; _builder_version=&#8221;4.17.4&#8243; _module_preset=&#8221;74d628be-e3fb-4f40-a4e2-05997430a9e4&#8243; custom_margin=&#8221;-20px||||false|false&#8221; global_colors_info=&#8221;{}&#8221;]<\/p>\n<p style=\"font-size: 12px\">Entrega del Premio Iberoamericano \u00d3scar Romero de Educaci\u00f3n en Derechos Humanos<\/p>\n<p>[\/et_pb_text][\/et_pb_column][\/et_pb_row][\/et_pb_section][et_pb_section fb_built=&#8221;1&#8243; admin_label=&#8221;Footer&#8221; _builder_version=&#8221;4.17.4&#8243; _module_preset=&#8221;default&#8221; background_color_gradient_direction=&#8221;90deg&#8221; background_image=&#8221;https:\/\/seminariokapu.umh.es\/files\/2024\/07\/kapuscinski.jpg&#8221; parallax=&#8221;on&#8221; custom_padding=&#8221;0px||0px||true|false&#8221; saved_tabs=&#8221;all&#8221; locked=&#8221;off&#8221; collapsed=&#8221;off&#8221; global_colors_info=&#8221;{}&#8221;][et_pb_row column_structure=&#8221;1_2,1_2&#8243; use_custom_gutter=&#8221;on&#8221; gutter_width=&#8221;1&#8243; make_equal=&#8221;on&#8221; admin_label=&#8221;Footer Row&#8221; module_class=&#8221; et_pb_row_fullwidth&#8221; _builder_version=&#8221;4.21.0&#8243; _module_preset=&#8221;default&#8221; width=&#8221;100%&#8221; max_width=&#8221;none&#8221; custom_margin=&#8221;|||&#8221; custom_padding=&#8221;0px||0px||true|false&#8221; animation_style=&#8221;fade&#8221; make_fullwidth=&#8221;on&#8221; global_colors_info=&#8221;{}&#8221;][et_pb_column type=&#8221;1_2&#8243; _builder_version=&#8221;4.21.0&#8243; _module_preset=&#8221;default&#8221; background_color=&#8221;rgba(0,0,0,0.6)&#8221; custom_padding=&#8221;8%|8%|8%|8%|true|true&#8221; global_colors_info=&#8221;{}&#8221;][\/et_pb_column][et_pb_column type=&#8221;1_2&#8243; _builder_version=&#8221;4.21.0&#8243; _module_preset=&#8221;default&#8221; background_color=&#8221;#000000&#8243; custom_padding=&#8221;8%|8%|8%|8%|true|true&#8221; global_colors_info=&#8221;{}&#8221; custom_padding__hover=&#8221;|||&#8221;][et_pb_text admin_label=&#8221;Contacto&#8221; _builder_version=&#8221;4.17.4&#8243; _module_preset=&#8221;a045a0c8-6e1f-4f59-b3fd-9125515f2b0d&#8221; header_2_text_color=&#8221;#FFFFFF&#8221; custom_margin=&#8221;||30px||false|false&#8221; locked=&#8221;off&#8221; global_colors_info=&#8221;{}&#8221;]<\/p>\n<h2>Contacto<\/h2>\n<p>[\/et_pb_text][et_pb_text admin_label=&#8221;Mail&#8221; _builder_version=&#8221;4.17.4&#8243; _module_preset=&#8221;f6726238-a502-4d1c-a9cb-bdba18bad262&#8243; header_4_text_color=&#8221;gcid-b247d7e9-2bbc-48fc-81a8-3cd1da3da572&#8243; locked=&#8221;off&#8221; global_colors_info=&#8221;{%22gcid-b247d7e9-2bbc-48fc-81a8-3cd1da3da572%22:%91%22header_4_text_color%22%93}&#8221;]<\/p>\n<h4>Correo electr\u00f3nico<\/h4>\n<p>[\/et_pb_text][et_pb_text admin_label=&#8221;Direcci\u00f3n mail&#8221; _builder_version=&#8221;4.17.4&#8243; _module_preset=&#8221;708827fa-bb27-4e56-b616-b7979d738397&#8243; text_text_color=&#8221;#FFFFFF&#8221; link_text_color=&#8221;#FFFFFF&#8221; custom_margin=&#8221;||30px||false|false&#8221; locked=&#8221;off&#8221; global_colors_info=&#8221;{}&#8221;]<\/p>\n<p><a href=\"mailto:seminariokapu@umh.es\">seminariokapu@umh.es<\/a><\/p>\n<p>[\/et_pb_text][et_pb_text admin_label=&#8221;Direcci\u00f3n&#8221; _builder_version=&#8221;4.17.4&#8243; _module_preset=&#8221;f6726238-a502-4d1c-a9cb-bdba18bad262&#8243; header_4_text_color=&#8221;gcid-b247d7e9-2bbc-48fc-81a8-3cd1da3da572&#8243; locked=&#8221;off&#8221; global_colors_info=&#8221;{%22gcid-b247d7e9-2bbc-48fc-81a8-3cd1da3da572%22:%91%22header_4_text_color%22%93}&#8221;]<\/p>\n<h4>Direcci\u00f3n<\/h4>\n<p>[\/et_pb_text][et_pb_text admin_label=&#8221;Direcci\u00f3n postal&#8221; _builder_version=&#8221;4.17.4&#8243; _module_preset=&#8221;708827fa-bb27-4e56-b616-b7979d738397&#8243; text_text_color=&#8221;#FFFFFF&#8221; link_text_color=&#8221;#FFFFFF&#8221; custom_margin=&#8221;||30px||false|false&#8221; locked=&#8221;off&#8221; global_colors_info=&#8221;{}&#8221;]<\/p>\n<p>Edificio Torreblanca, Despacho 10, 2\u00ba planta | Av. de la Universidad, s\/n 03202 Elche-Alicante<\/p>\n<p>[\/et_pb_text][et_pb_text admin_label=&#8221;Redes&#8221; _builder_version=&#8221;4.17.4&#8243; _module_preset=&#8221;f6726238-a502-4d1c-a9cb-bdba18bad262&#8243; header_4_text_color=&#8221;gcid-b247d7e9-2bbc-48fc-81a8-3cd1da3da572&#8243; locked=&#8221;off&#8221; global_colors_info=&#8221;{%22gcid-b247d7e9-2bbc-48fc-81a8-3cd1da3da572%22:%91%22header_4_text_color%22%93}&#8221;]<\/p>\n<h4>Redes Sociales<\/h4>\n<p>[\/et_pb_text][et_pb_text admin_label=&#8221;logos&#8221; _builder_version=&#8221;4.17.4&#8243; _module_preset=&#8221;708827fa-bb27-4e56-b616-b7979d738397&#8243; text_text_color=&#8221;#FFFFFF&#8221; link_text_color=&#8221;#FFFFFF&#8221; custom_margin=&#8221;||30px||false|false&#8221; locked=&#8221;off&#8221; global_colors_info=&#8221;{}&#8221;]<\/p>\n<p><a href=\"https:\/\/www.instagram.com\/seminariokapu\/\"><img loading=\"lazy\" class=\"wp-image-540 alignnone \" src=\"https:\/\/seminariokapu.umh.es\/files\/2024\/09\/logo-ig-1-300x300.png\" alt=\"\" width=\"42\" height=\"42\" \/><\/a>\u00a0 <a href=\"https:\/\/bsky.app\/profile\/seminariokapu.bsky.social\"><img loading=\"lazy\" class=\"wp-image-992 alignnone \" src=\"https:\/\/seminariokapu.umh.es\/files\/2025\/01\/blue-sky.png\" alt=\"\" width=\"47\" height=\"47\" srcset=\"https:\/\/seminariokapu.umh.es\/files\/2025\/01\/blue-sky.png 225w, https:\/\/seminariokapu.umh.es\/files\/2025\/01\/blue-sky-150x150.png 150w\" sizes=\"(max-width: 47px) 100vw, 47px\" \/><\/a><\/p>\n<p>[\/et_pb_text][\/et_pb_column][\/et_pb_row][\/et_pb_section]<\/p>\n","protected":false},"excerpt":{"rendered":"<p>Proyecto UMH-RSFElche Espacio Seguro RSF\u2010UMH para la Libertad de PrensaUMH-RSFEl programa UMH #EspacioSeguroRSF para la Libertad de Prensa cuyo objetivo principal es la defensa de la libertad de prensa a trav\u00e9s del apoyo a periodistas que trabajan en entornos hostiles, permiti\u00e9ndoles abandonar temporalmente el lugar en el que se reconoce el riesgo. Para ello, UMH [&hellip;]<\/p>\n","protected":false},"author":3,"featured_media":0,"parent":0,"menu_order":0,"comment_status":"closed","ping_status":"closed","template":"","meta":{"_et_pb_use_builder":"on","_et_pb_old_content":"","_et_gb_content_width":"","_links_to":"","_links_to_target":""},"_links":{"self":[{"href":"https:\/\/seminariokapu.umh.es\/en\/wp-json\/wp\/v2\/pages\/380"}],"collection":[{"href":"https:\/\/seminariokapu.umh.es\/en\/wp-json\/wp\/v2\/pages"}],"about":[{"href":"https:\/\/seminariokapu.umh.es\/en\/wp-json\/wp\/v2\/types\/page"}],"author":[{"embeddable":true,"href":"https:\/\/seminariokapu.umh.es\/en\/wp-json\/wp\/v2\/users\/3"}],"replies":[{"embeddable":true,"href":"https:\/\/seminariokapu.umh.es\/en\/wp-json\/wp\/v2\/comments?post=380"}],"version-history":[{"count":0,"href":"https:\/\/seminariokapu.umh.es\/en\/wp-json\/wp\/v2\/pages\/380\/revisions"}],"wp:attachment":[{"href":"https:\/\/seminariokapu.umh.es\/en\/wp-json\/wp\/v2\/media?parent=380"}],"curies":[{"name":"wp","href":"https:\/\/api.w.org\/{rel}","templated":true}]}}