{"id":341,"date":"2024-09-12T09:20:28","date_gmt":"2024-09-12T07:20:28","guid":{"rendered":"https:\/\/seminariokapu.umh.es\/?page_id=341"},"modified":"2025-06-27T12:44:01","modified_gmt":"2025-06-27T10:44:01","slug":"aula-ramon-lobo","status":"publish","type":"page","link":"https:\/\/seminariokapu.umh.es\/en\/aula-ramon-lobo\/","title":{"rendered":"Aula Ram\u00f3n Lobo"},"content":{"rendered":"<p>[et_pb_section fb_built=&#8221;1&#8243; admin_label=&#8221;Header&#8221; _builder_version=&#8221;4.17.4&#8243; _module_preset=&#8221;default&#8221; use_background_color_gradient=&#8221;on&#8221; background_color_gradient_stops=&#8221;rgba(0,0,0,0.7) 0%|rgba(0,0,0,0.7) 100%&#8221; background_color_gradient_overlays_image=&#8221;on&#8221; background_image=&#8221;https:\/\/seminariokapu.umh.es\/files\/2024\/09\/FOTO-WEB-Ryszard-Kapuscinski.jpg&#8221; parallax=&#8221;on&#8221; custom_padding=&#8221;8vw||8vw||true|false&#8221; locked=&#8221;off&#8221; collapsed=&#8221;off&#8221; global_colors_info=&#8221;{}&#8221;][et_pb_row _builder_version=&#8221;4.21.0&#8243; _module_preset=&#8221;default&#8221; global_colors_info=&#8221;{}&#8221;][et_pb_column type=&#8221;4_4&#8243; _builder_version=&#8221;4.21.0&#8243; _module_preset=&#8221;default&#8221; global_colors_info=&#8221;{}&#8221;][et_pb_text admin_label=&#8221;T\u00edtulo p\u00e1gina&#8221; _builder_version=&#8221;4.17.4&#8243; _module_preset=&#8221;f1149286-2138-4f40-8e20-b4b918bc59dc&#8221; header_text_color=&#8221;#FFFFFF&#8221; text_orientation=&#8221;center&#8221; custom_margin=&#8221;||10px||false|false&#8221; global_colors_info=&#8221;{}&#8221;]<\/p>\n<h1>Aula Ram\u00f3n Lobo<\/h1>\n<p>[\/et_pb_text][et_pb_text admin_label=&#8221;Subt\u00edtulo p\u00e1gina&#8221; _builder_version=&#8221;4.17.4&#8243; _module_preset=&#8221;74d143a1-2a53-4dc1-9325-14127d349d2a&#8221; header_5_text_color=&#8221;#FFFFFF&#8221; text_orientation=&#8221;center&#8221; global_colors_info=&#8221;{}&#8221;]<\/p>\n<h5>Cr\u00f3nicas y trabajos destacados realizados por estudiantes<\/h5>\n<p>[\/et_pb_text][\/et_pb_column][\/et_pb_row][\/et_pb_section][et_pb_section fb_built=&#8221;1&#8243; _builder_version=&#8221;4.17.4&#8243; _module_preset=&#8221;default&#8221; collapsed=&#8221;off&#8221; global_colors_info=&#8221;{}&#8221;][et_pb_row _builder_version=&#8221;4.17.4&#8243; _module_preset=&#8221;default&#8221; global_colors_info=&#8221;{}&#8221;][et_pb_column type=&#8221;4_4&#8243; _builder_version=&#8221;4.17.4&#8243; _module_preset=&#8221;default&#8221; global_colors_info=&#8221;{}&#8221;][et_pb_text admin_label=&#8221;T\u00edtulo&#8221; _builder_version=&#8221;4.17.4&#8243; _module_preset=&#8221;61636bf9-b72b-4c28-bab3-823798503361&#8243; custom_margin=&#8221;||10px||false|false&#8221; global_colors_info=&#8221;{}&#8221;]<\/p>\n<h2>Cr\u00f3nicas estudiantado de los grados de Periodismo y Comunicaci\u00f3n Audiovisual y Periodismo<\/h2>\n<p>[\/et_pb_text][et_pb_text _builder_version=&#8221;4.17.4&#8243; _module_preset=&#8221;74d628be-e3fb-4f40-a4e2-05997430a9e4&#8243; global_colors_info=&#8221;{}&#8221;]<\/p>\n<p>En esta secci\u00f3n te acercamos cr\u00f3nicas y trabajos destacados realizados por estudiantes de 4\u00ba del Grado de Periodismo y 5\u00ba del doble Grado de Comunicaci\u00f3n Audiovisual y Periodismo (CAUP).<\/p>\n<p>[\/et_pb_text][et_pb_blog fullwidth=&#8221;off&#8221; include_categories=&#8221;68561&#8243; show_author=&#8221;off&#8221; admin_label=&#8221;Blog&#8221; _builder_version=&#8221;4.17.4&#8243; _module_preset=&#8221;default&#8221; global_colors_info=&#8221;{}&#8221;][\/et_pb_blog][\/et_pb_column][\/et_pb_row][\/et_pb_section][et_pb_section fb_built=&#8221;1&#8243; _builder_version=&#8221;4.17.4&#8243; _module_preset=&#8221;default&#8221; collapsed=&#8221;off&#8221; global_colors_info=&#8221;{}&#8221;][et_pb_row _builder_version=&#8221;4.17.4&#8243; _module_preset=&#8221;default&#8221; global_colors_info=&#8221;{}&#8221;][et_pb_column type=&#8221;4_4&#8243; _builder_version=&#8221;4.17.4&#8243; _module_preset=&#8221;default&#8221; global_colors_info=&#8221;{}&#8221;][et_pb_text admin_label=&#8221;T\u00edtulo&#8221; _builder_version=&#8221;4.17.4&#8243; _module_preset=&#8221;61636bf9-b72b-4c28-bab3-823798503361&#8243; custom_margin=&#8221;||10px||false|false&#8221; global_colors_info=&#8221;{}&#8221;]<\/p>\n<h2>Ponencias y actividades del Seminario R. Kapuscinski en el aula<\/h2>\n<p>[\/et_pb_text][et_pb_blog fullwidth=&#8221;off&#8221; include_categories=&#8221;1504074&#8243; show_author=&#8221;off&#8221; admin_label=&#8221;Blog&#8221; _builder_version=&#8221;4.17.4&#8243; _module_preset=&#8221;default&#8221; global_colors_info=&#8221;{}&#8221;][\/et_pb_blog][\/et_pb_column][\/et_pb_row][\/et_pb_section][et_pb_section fb_built=&#8221;1&#8243; _builder_version=&#8221;4.17.4&#8243; _module_preset=&#8221;default&#8221; collapsed=&#8221;off&#8221; global_colors_info=&#8221;{}&#8221;][et_pb_row _builder_version=&#8221;4.17.4&#8243; _module_preset=&#8221;default&#8221; global_colors_info=&#8221;{}&#8221;][et_pb_column type=&#8221;4_4&#8243; _builder_version=&#8221;4.17.4&#8243; _module_preset=&#8221;default&#8221; global_colors_info=&#8221;{}&#8221;][et_pb_divider color=&#8221;#000000&#8243; _builder_version=&#8221;4.17.4&#8243; _module_preset=&#8221;default&#8221; global_colors_info=&#8221;{}&#8221;][\/et_pb_divider][et_pb_text admin_label=&#8221;T\u00edtulo&#8221; _builder_version=&#8221;4.17.4&#8243; _module_preset=&#8221;61636bf9-b72b-4c28-bab3-823798503361&#8243; custom_margin=&#8221;||10px||false|false&#8221; global_colors_info=&#8221;{}&#8221;]<\/p>\n<h2>Cr\u00f3nicas estudiantado de los grados de Periodismo y Comunicaci\u00f3n Audiovisual y Periodismo 2023<\/h2>\n<p>[\/et_pb_text][et_pb_text admin_label=&#8221;Subt\u00edtulo&#8221; _builder_version=&#8221;4.17.4&#8243; _module_preset=&#8221;8e6c24d3-373d-417b-90d8-997242bbcbaf&#8221; global_colors_info=&#8221;{}&#8221;]<\/p>\n<h4><a href=\"https:\/\/gray-acorn-96c.notion.site\/La-homo-fobia-de-Orb-n-al-europe-smo-92b9fc4c4bd84fa1b490366ae642daa6\">La (homo)fobia de Orb\u00e1n al europe\u00edsmo<\/a><\/h4>\n<p>[\/et_pb_text][et_pb_text _builder_version=&#8221;4.17.4&#8243; _module_preset=&#8221;74d628be-e3fb-4f40-a4e2-05997430a9e4&#8243; global_colors_info=&#8221;{}&#8221;]<\/p>\n<p><strong>Las pr\u00f3ximas elecciones europeas se enfrentan al auge de la extrema derecha, un movimiento en el que destaca la posici\u00f3n del primer ministro h\u00fangaro, Viktor Orb\u00e1n.<\/strong><\/p>\n<p>Por <span class=\"notion-enable-hover\" data-token-index=\"1\">Paula Campos, Ibai Etxebarrieta, Alba Garc\u00eda, \u00c1ngela Pomares y Paul Stanciu.<\/span><!-- notionvc: 8a4c3eef-d548-47a3-8aa3-da723e712eef --><\/p>\n<p>[\/et_pb_text][et_pb_text admin_label=&#8221;Subt\u00edtulo&#8221; _builder_version=&#8221;4.17.4&#8243; _module_preset=&#8221;8e6c24d3-373d-417b-90d8-997242bbcbaf&#8221; global_colors_info=&#8221;{}&#8221;]<\/p>\n<h4 id=\"23da\" class=\"pw-post-title gs gt gu bf gv gw gx gy gz ha hb hc hd he hf hg hh hi hj hk hl hm hn ho hp hq bk\" data-testid=\"storyTitle\"><a href=\"https:\/\/ainoaa-31.medium.com\/%CE%BA%CE%B1%CF%84%CE%B1%CE%BB%CE%B9%CF%80%CF%88%CE%B9-el-poder-para-los-estudiantes-a20ae418a0cf\"><strong class=\"al\">\u039a\u0391\u03a4\u0391\u039b\u0399\u03a0\u03a8\u0399: El poder para los estudiantes<\/strong><\/a><\/h4>\n<p>[\/et_pb_text][et_pb_text _builder_version=&#8221;4.17.4&#8243; _module_preset=&#8221;74d628be-e3fb-4f40-a4e2-05997430a9e4&#8243; global_colors_info=&#8221;{}&#8221;]<\/p>\n<p id=\"3374\" class=\"pw-subtitle-paragraph hr gt gu bf b hs ht hu hv hw hx hy hz ia ib ic id ie if ig cq du\"><strong class=\"al\">La pausa en el camino.<\/strong><\/p>\n<p>Por Ainoa Garc\u00eda.<\/p>\n<p>[\/et_pb_text][et_pb_text admin_label=&#8221;Subt\u00edtulo&#8221; _builder_version=&#8221;4.17.4&#8243; _module_preset=&#8221;8e6c24d3-373d-417b-90d8-997242bbcbaf&#8221; global_colors_info=&#8221;{}&#8221;]<\/p>\n<h4 class=\"sc-hOjQkK gQTfdt\"><a href=\"https:\/\/podcasters.spotify.com\/pod\/show\/juan-manuel-sabater-reque\">Algo pasa en Costa Rica<\/a><\/h4>\n<p>[\/et_pb_text][et_pb_text _builder_version=&#8221;4.17.4&#8243; _module_preset=&#8221;74d628be-e3fb-4f40-a4e2-05997430a9e4&#8243; global_colors_info=&#8221;{}&#8221;]<\/p>\n<p id=\"3374\" class=\"pw-subtitle-paragraph hr gt gu bf b hs ht hu hv hw hx hy hz ia ib ic id ie if ig cq du\"><strong>Algo pasa en Costa Rica es un reportaje sonoro de investigaci\u00f3n que indaga en las razones del aumento de las muertes por narcotr\u00e1fico en Costa Rica. En \u00e9l se explica la influencia de distintos \u00e1mbitos de las instituciones, as\u00ed como la influencia de cada uno de ellos en la situaci\u00f3n cr\u00edtica que est\u00e1 viviendo el pa\u00eds.<\/strong><\/p>\n<p>Por Juan Manuel Sabater Requena.<\/p>\n<p>[\/et_pb_text][et_pb_text admin_label=&#8221;Subt\u00edtulo&#8221; _builder_version=&#8221;4.17.4&#8243; _module_preset=&#8221;8e6c24d3-373d-417b-90d8-997242bbcbaf&#8221; global_colors_info=&#8221;{}&#8221;]<\/p>\n<h4 id=\"d78b\" class=\"pw-post-title hc hd gu bf he hf hg hh hi hj hk hl hm hn ho hp hq hr hs ht hu hv bk\" data-testid=\"storyTitle\"><a href=\"https:\/\/miguel-herrero-13.medium.com\/periodismo-y-democracia-frente-al-absolutismo-de-bukele-30ada5fb6e6d\">Periodismo y democracia frente al absolutismo de Bukele<\/a><\/h4>\n<p>[\/et_pb_text][et_pb_text _builder_version=&#8221;4.17.4&#8243; _module_preset=&#8221;74d628be-e3fb-4f40-a4e2-05997430a9e4&#8243; global_colors_info=&#8221;{}&#8221;]<\/p>\n<p id=\"3374\" class=\"pw-subtitle-paragraph hr gt gu bf b hs ht hu hv hw hx hy hz ia ib ic id ie if ig cq du\"><strong>Periodistas agredidos, chantaje y control de medios, entre otros ataques a la libertad de prensa, relegan a El Salvador al puesto 133 del ranking anual de Reporteros Sin Fronteras.<\/strong><\/p>\n<p>Por Miguel Antonio Herrero Navarro.<\/p>\n<p>[\/et_pb_text][\/et_pb_column][\/et_pb_row][\/et_pb_section][et_pb_section fb_built=&#8221;1&#8243; admin_label=&#8221;Footer&#8221; _builder_version=&#8221;4.17.4&#8243; _module_preset=&#8221;default&#8221; background_color_gradient_direction=&#8221;90deg&#8221; background_image=&#8221;https:\/\/seminariokapu.umh.es\/files\/2024\/07\/kapuscinski.jpg&#8221; parallax=&#8221;on&#8221; custom_padding=&#8221;0px||0px||true|false&#8221; saved_tabs=&#8221;all&#8221; locked=&#8221;off&#8221; collapsed=&#8221;off&#8221; global_colors_info=&#8221;{}&#8221;][et_pb_row column_structure=&#8221;1_2,1_2&#8243; use_custom_gutter=&#8221;on&#8221; gutter_width=&#8221;1&#8243; make_equal=&#8221;on&#8221; admin_label=&#8221;Footer Row&#8221; module_class=&#8221; et_pb_row_fullwidth&#8221; _builder_version=&#8221;4.21.0&#8243; _module_preset=&#8221;default&#8221; width=&#8221;100%&#8221; max_width=&#8221;none&#8221; custom_margin=&#8221;|||&#8221; custom_padding=&#8221;0px||0px||true|false&#8221; animation_style=&#8221;fade&#8221; make_fullwidth=&#8221;on&#8221; global_colors_info=&#8221;{}&#8221;][et_pb_column type=&#8221;1_2&#8243; _builder_version=&#8221;4.21.0&#8243; _module_preset=&#8221;default&#8221; background_color=&#8221;rgba(0,0,0,0.6)&#8221; custom_padding=&#8221;8%|8%|8%|8%|true|true&#8221; global_colors_info=&#8221;{}&#8221;][\/et_pb_column][et_pb_column type=&#8221;1_2&#8243; _builder_version=&#8221;4.21.0&#8243; _module_preset=&#8221;default&#8221; background_color=&#8221;#000000&#8243; custom_padding=&#8221;8%|8%|8%|8%|true|true&#8221; global_colors_info=&#8221;{}&#8221; custom_padding__hover=&#8221;|||&#8221;][et_pb_text admin_label=&#8221;Contacto&#8221; _builder_version=&#8221;4.17.4&#8243; _module_preset=&#8221;a045a0c8-6e1f-4f59-b3fd-9125515f2b0d&#8221; header_2_text_color=&#8221;#FFFFFF&#8221; custom_margin=&#8221;||30px||false|false&#8221; locked=&#8221;off&#8221; global_colors_info=&#8221;{}&#8221;]<\/p>\n<h2>Contacto<\/h2>\n<p>[\/et_pb_text][et_pb_text admin_label=&#8221;Mail&#8221; _builder_version=&#8221;4.17.4&#8243; _module_preset=&#8221;f6726238-a502-4d1c-a9cb-bdba18bad262&#8243; header_4_text_color=&#8221;gcid-b247d7e9-2bbc-48fc-81a8-3cd1da3da572&#8243; locked=&#8221;off&#8221; global_colors_info=&#8221;{%22gcid-b247d7e9-2bbc-48fc-81a8-3cd1da3da572%22:%91%22header_4_text_color%22%93}&#8221;]<\/p>\n<h4>Correo electr\u00f3nico<\/h4>\n<p>[\/et_pb_text][et_pb_text admin_label=&#8221;Direcci\u00f3n mail&#8221; _builder_version=&#8221;4.17.4&#8243; _module_preset=&#8221;708827fa-bb27-4e56-b616-b7979d738397&#8243; text_text_color=&#8221;#FFFFFF&#8221; link_text_color=&#8221;#FFFFFF&#8221; custom_margin=&#8221;||30px||false|false&#8221; locked=&#8221;off&#8221; global_colors_info=&#8221;{}&#8221;]<\/p>\n<p><a href=\"mailto:seminariokapu@umh.es\">seminariokapu@umh.es<\/a><\/p>\n<p>[\/et_pb_text][et_pb_text admin_label=&#8221;Direcci\u00f3n&#8221; _builder_version=&#8221;4.17.4&#8243; _module_preset=&#8221;f6726238-a502-4d1c-a9cb-bdba18bad262&#8243; header_4_text_color=&#8221;gcid-b247d7e9-2bbc-48fc-81a8-3cd1da3da572&#8243; locked=&#8221;off&#8221; global_colors_info=&#8221;{%22gcid-b247d7e9-2bbc-48fc-81a8-3cd1da3da572%22:%91%22header_4_text_color%22%93}&#8221;]<\/p>\n<h4>Direcci\u00f3n<\/h4>\n<p>[\/et_pb_text][et_pb_text admin_label=&#8221;Direcci\u00f3n postal&#8221; _builder_version=&#8221;4.17.4&#8243; _module_preset=&#8221;708827fa-bb27-4e56-b616-b7979d738397&#8243; text_text_color=&#8221;#FFFFFF&#8221; link_text_color=&#8221;#FFFFFF&#8221; custom_margin=&#8221;||30px||false|false&#8221; locked=&#8221;off&#8221; global_colors_info=&#8221;{}&#8221;]<\/p>\n<p>Edificio Torreblanca, Despacho 10, 2\u00ba planta | Av. de la Universidad, s\/n 03202 Elche-Alicante<\/p>\n<p>[\/et_pb_text][et_pb_text admin_label=&#8221;Redes&#8221; _builder_version=&#8221;4.17.4&#8243; _module_preset=&#8221;f6726238-a502-4d1c-a9cb-bdba18bad262&#8243; header_4_text_color=&#8221;gcid-b247d7e9-2bbc-48fc-81a8-3cd1da3da572&#8243; locked=&#8221;off&#8221; global_colors_info=&#8221;{%22gcid-b247d7e9-2bbc-48fc-81a8-3cd1da3da572%22:%91%22header_4_text_color%22%93}&#8221;]<\/p>\n<h4>Redes Sociales<\/h4>\n<p>[\/et_pb_text][et_pb_text admin_label=&#8221;logos&#8221; _builder_version=&#8221;4.17.4&#8243; _module_preset=&#8221;708827fa-bb27-4e56-b616-b7979d738397&#8243; text_text_color=&#8221;#FFFFFF&#8221; link_text_color=&#8221;#FFFFFF&#8221; custom_margin=&#8221;||30px||false|false&#8221; locked=&#8221;off&#8221; global_colors_info=&#8221;{}&#8221;]<\/p>\n<p><a href=\"https:\/\/www.instagram.com\/seminariokapu\/\"><img loading=\"lazy\" class=\"wp-image-540 alignnone \" src=\"https:\/\/seminariokapu.umh.es\/files\/2024\/09\/logo-ig-1-300x300.png\" alt=\"\" width=\"42\" height=\"42\" \/><\/a>\u00a0 <a href=\"https:\/\/bsky.app\/profile\/seminariokapu.bsky.social\"><img loading=\"lazy\" class=\"wp-image-992 alignnone \" src=\"https:\/\/seminariokapu.umh.es\/files\/2025\/01\/blue-sky.png\" alt=\"\" width=\"47\" height=\"47\" srcset=\"https:\/\/seminariokapu.umh.es\/files\/2025\/01\/blue-sky.png 225w, https:\/\/seminariokapu.umh.es\/files\/2025\/01\/blue-sky-150x150.png 150w\" sizes=\"(max-width: 47px) 100vw, 47px\" \/><\/a><\/p>\n<p>[\/et_pb_text][\/et_pb_column][\/et_pb_row][\/et_pb_section]<\/p>\n","protected":false},"excerpt":{"rendered":"<p>Aula Ram\u00f3n LoboCr\u00f3nicas y trabajos destacados realizados por estudiantesCr\u00f3nicas estudiantado de los grados de Periodismo y Comunicaci\u00f3n Audiovisual y PeriodismoEn esta secci\u00f3n te acercamos cr\u00f3nicas y trabajos destacados realizados por estudiantes de 4\u00ba del Grado de Periodismo y 5\u00ba del doble Grado de Comunicaci\u00f3n Audiovisual y Periodismo (CAUP).Ponencias y actividades del Seminario R. Kapuscinski en [&hellip;]<\/p>\n","protected":false},"author":3,"featured_media":0,"parent":0,"menu_order":0,"comment_status":"closed","ping_status":"closed","template":"","meta":{"_et_pb_use_builder":"on","_et_pb_old_content":"","_et_gb_content_width":"","_links_to":"","_links_to_target":""},"_links":{"self":[{"href":"https:\/\/seminariokapu.umh.es\/en\/wp-json\/wp\/v2\/pages\/341"}],"collection":[{"href":"https:\/\/seminariokapu.umh.es\/en\/wp-json\/wp\/v2\/pages"}],"about":[{"href":"https:\/\/seminariokapu.umh.es\/en\/wp-json\/wp\/v2\/types\/page"}],"author":[{"embeddable":true,"href":"https:\/\/seminariokapu.umh.es\/en\/wp-json\/wp\/v2\/users\/3"}],"replies":[{"embeddable":true,"href":"https:\/\/seminariokapu.umh.es\/en\/wp-json\/wp\/v2\/comments?post=341"}],"version-history":[{"count":0,"href":"https:\/\/seminariokapu.umh.es\/en\/wp-json\/wp\/v2\/pages\/341\/revisions"}],"wp:attachment":[{"href":"https:\/\/seminariokapu.umh.es\/en\/wp-json\/wp\/v2\/media?parent=341"}],"curies":[{"name":"wp","href":"https:\/\/api.w.org\/{rel}","templated":true}]}}