{"id":149,"date":"2024-09-11T08:14:08","date_gmt":"2024-09-11T06:14:08","guid":{"rendered":"https:\/\/seminariokapu.umh.es\/?page_id=149"},"modified":"2025-03-18T15:00:34","modified_gmt":"2025-03-18T14:00:34","slug":"sobre-nosotros","status":"publish","type":"page","link":"https:\/\/seminariokapu.umh.es\/en\/sobre-nosotros\/","title":{"rendered":"Borrador autom\u00e1tico"},"content":{"rendered":"<p>[et_pb_section fb_built=&#8221;1&#8243; admin_label=&#8221;Header&#8221; _builder_version=&#8221;4.17.4&#8243; _module_preset=&#8221;default&#8221; use_background_color_gradient=&#8221;on&#8221; background_color_gradient_stops=&#8221;rgba(0,0,0,0.7) 0%|rgba(0,0,0,0.7) 100%&#8221; background_color_gradient_overlays_image=&#8221;on&#8221; background_image=&#8221;https:\/\/seminariokapu.umh.es\/files\/2024\/09\/FOTO-WEB-Ryszard-Kapuscinski.jpg&#8221; parallax=&#8221;on&#8221; custom_padding=&#8221;8vw||8vw||true|false&#8221; locked=&#8221;off&#8221; collapsed=&#8221;off&#8221; global_colors_info=&#8221;{}&#8221;][et_pb_row _builder_version=&#8221;4.21.0&#8243; _module_preset=&#8221;default&#8221; global_colors_info=&#8221;{}&#8221;][et_pb_column type=&#8221;4_4&#8243; _builder_version=&#8221;4.21.0&#8243; _module_preset=&#8221;default&#8221; global_colors_info=&#8221;{}&#8221;][et_pb_text admin_label=&#8221;T\u00edtulo p\u00e1gina&#8221; _builder_version=&#8221;4.17.4&#8243; _module_preset=&#8221;f1149286-2138-4f40-8e20-b4b918bc59dc&#8221; header_text_color=&#8221;#FFFFFF&#8221; text_orientation=&#8221;center&#8221; custom_margin=&#8221;||10px||false|false&#8221; global_colors_info=&#8221;{}&#8221;]<\/p>\n<h1>Sobre nosotros<\/h1>\n<p>[\/et_pb_text][et_pb_text admin_label=&#8221;Subt\u00edtulo p\u00e1gina&#8221; _builder_version=&#8221;4.17.4&#8243; _module_preset=&#8221;74d143a1-2a53-4dc1-9325-14127d349d2a&#8221; header_5_text_color=&#8221;#FFFFFF&#8221; text_orientation=&#8221;center&#8221; global_colors_info=&#8221;{}&#8221;]<\/p>\n<h5>Seminario Permanente Internacional de Periodismo y Derechos Humanos<br \/>Ryszard Kapu\u015bci\u0144ski<\/h5>\n<p>[\/et_pb_text][\/et_pb_column][\/et_pb_row][\/et_pb_section][et_pb_section fb_built=&#8221;1&#8243; admin_label=&#8221;About&#8221; _builder_version=&#8221;4.21.0&#8243; _module_preset=&#8221;default&#8221; locked=&#8221;off&#8221; collapsed=&#8221;off&#8221; global_colors_info=&#8221;{}&#8221;][et_pb_row admin_label=&#8221;El Seminario&#8221; _builder_version=&#8221;4.17.4&#8243; _module_preset=&#8221;default&#8221; background_size=&#8221;initial&#8221; background_position=&#8221;top_left&#8221; background_repeat=&#8221;repeat&#8221; global_colors_info=&#8221;{}&#8221;][et_pb_column type=&#8221;4_4&#8243; _builder_version=&#8221;4.16&#8243; _module_preset=&#8221;default&#8221; custom_padding=&#8221;|||&#8221; global_colors_info=&#8221;{}&#8221; custom_padding__hover=&#8221;|||&#8221;][et_pb_text admin_label=&#8221;T\u00edtulo&#8221; _builder_version=&#8221;4.17.4&#8243; _module_preset=&#8221;61636bf9-b72b-4c28-bab3-823798503361&#8243; custom_margin=&#8221;||10px||false|false&#8221; global_colors_info=&#8221;{}&#8221;]<\/p>\n<h2>El Seminario<\/h2>\n<p>[\/et_pb_text][et_pb_text _builder_version=&#8221;4.17.4&#8243; _module_preset=&#8221;74d628be-e3fb-4f40-a4e2-05997430a9e4&#8243; global_colors_info=&#8221;{}&#8221;]<\/p>\n<p>El Seminario Permanente Kapuscinski de Periodismo y Derechos Humanos, toma el nombre del periodista y escritor polaco Ryszard Kapuscinski (1932-2007), Premio Pr\u00edncipe de Asturias de Comunicaci\u00f3n y Humanidades (2003). Se trata de una unidad de estudio universitario, debate y transferencia del conocimiento sobre Periodismo, Ciudadan\u00eda y Democracia que entronca investigaci\u00f3n, docencia y la praxis period\u00edstica, conectando realidades y analizando conflictos internacionales desde una doble perspectiva pol\u00edtico\/medi\u00e1tica desde el a\u00f1o 2008.<\/p>\n<p>[\/et_pb_text][\/et_pb_column][\/et_pb_row][et_pb_row admin_label=&#8221;Fila foto&#8221; _builder_version=&#8221;4.21.0&#8243; _module_preset=&#8221;default&#8221; locked=&#8221;off&#8221; global_colors_info=&#8221;{}&#8221;][et_pb_column type=&#8221;4_4&#8243; _builder_version=&#8221;4.16&#8243; _module_preset=&#8221;default&#8221; custom_padding=&#8221;|||&#8221; global_colors_info=&#8221;{}&#8221; custom_padding__hover=&#8221;|||&#8221;][et_pb_image src=&#8221;https:\/\/seminariokapu.umh.es\/files\/2024\/09\/ramon_olga_jose_atzavares.jpg&#8221; _builder_version=&#8221;4.17.4&#8243; _module_preset=&#8221;default&#8221; global_colors_info=&#8221;{}&#8221;][\/et_pb_image][et_pb_text admin_label=&#8221;Pie&#8221; _builder_version=&#8221;4.17.4&#8243; _module_preset=&#8221;74d628be-e3fb-4f40-a4e2-05997430a9e4&#8243; custom_margin=&#8221;-20px||||false|false&#8221; global_colors_info=&#8221;{}&#8221;]<\/p>\n<p style=\"font-size: 12px\">Los periodistas Ram\u00f3n Lobo, Olga Rodr\u00edguez y Jos\u00e9 L. Gonz\u00e1lez en la edici\u00f3n de 2010<\/p>\n<p>[\/et_pb_text][\/et_pb_column][\/et_pb_row][et_pb_row admin_label=&#8221;Fila foto&#8221; _builder_version=&#8221;4.21.0&#8243; _module_preset=&#8221;default&#8221; locked=&#8221;off&#8221; global_colors_info=&#8221;{}&#8221;][et_pb_column type=&#8221;4_4&#8243; _builder_version=&#8221;4.16&#8243; _module_preset=&#8221;default&#8221; custom_padding=&#8221;|||&#8221; global_colors_info=&#8221;{}&#8221; custom_padding__hover=&#8221;|||&#8221;][et_pb_image src=&#8221;https:\/\/seminariokapu.umh.es\/files\/2024\/09\/ramon_olga_kapu1-scaled.jpg&#8221; _builder_version=&#8221;4.17.4&#8243; _module_preset=&#8221;default&#8221; global_colors_info=&#8221;{}&#8221;][\/et_pb_image][et_pb_text admin_label=&#8221;Pie&#8221; _builder_version=&#8221;4.17.4&#8243; _module_preset=&#8221;74d628be-e3fb-4f40-a4e2-05997430a9e4&#8243; custom_margin=&#8221;-20px||||false|false&#8221; global_colors_info=&#8221;{}&#8221;]<\/p>\n<p style=\"font-size: 12px\">Los periodistas Olga Rodr\u00edguez y Ram\u00f3n Lobo en la edici\u00f3n de 2010<\/p>\n<p>[\/et_pb_text][\/et_pb_column][\/et_pb_row][et_pb_row _builder_version=&#8221;4.17.4&#8243; _module_preset=&#8221;default&#8221; background_size=&#8221;initial&#8221; background_position=&#8221;top_left&#8221; background_repeat=&#8221;repeat&#8221; global_colors_info=&#8221;{}&#8221;][et_pb_column type=&#8221;4_4&#8243; _builder_version=&#8221;4.16&#8243; _module_preset=&#8221;default&#8221; custom_padding=&#8221;|||&#8221; global_colors_info=&#8221;{}&#8221; custom_padding__hover=&#8221;|||&#8221;][et_pb_text _builder_version=&#8221;4.17.4&#8243; _module_preset=&#8221;74d628be-e3fb-4f40-a4e2-05997430a9e4&#8243; global_colors_info=&#8221;{}&#8221;]<\/p>\n<p>Durante este tiempo se ha acercado al estudiantado de Periodismo UMH a grandes profesionales como Ram\u00f3n Lobo, Rosa M\u00aa Calaf, Soledad Gallego-Diaz, Mikel Ayestaran, M\u00f3nica Garcia-Prieto, Mamen Mendizabal, Natalia Sancha, Javier Espinosa, Sandro Pozzi, etc.<\/p>\n<p>[\/et_pb_text][\/et_pb_column][\/et_pb_row][\/et_pb_section][et_pb_section fb_built=&#8221;1&#8243; admin_label=&#8221;El Equipo&#8221; _builder_version=&#8221;4.17.4&#8243; _module_preset=&#8221;default&#8221; collapsed=&#8221;off&#8221; global_colors_info=&#8221;{}&#8221;][et_pb_row _builder_version=&#8221;4.16&#8243; _module_preset=&#8221;default&#8221; global_colors_info=&#8221;{}&#8221;][et_pb_column type=&#8221;4_4&#8243; _builder_version=&#8221;4.16&#8243; _module_preset=&#8221;default&#8221; custom_padding=&#8221;|||&#8221; global_colors_info=&#8221;{}&#8221; custom_padding__hover=&#8221;|||&#8221;][et_pb_divider color=&#8221;rgba(0,0,0,0.09)&#8221; divider_weight=&#8221;3px&#8221; _builder_version=&#8221;4.21.0&#8243; _module_preset=&#8221;default&#8221; global_colors_info=&#8221;{}&#8221;][\/et_pb_divider][et_pb_text admin_label=&#8221;T\u00edtulo&#8221; _builder_version=&#8221;4.17.4&#8243; _module_preset=&#8221;61636bf9-b72b-4c28-bab3-823798503361&#8243; custom_margin=&#8221;||10px||false|false&#8221; global_colors_info=&#8221;{}&#8221;]<\/p>\n<h2>El Equipo<\/h2>\n<p>[\/et_pb_text][et_pb_text admin_label=&#8221;Subt\u00edtulo&#8221; _builder_version=&#8221;4.17.4&#8243; _module_preset=&#8221;8e6c24d3-373d-417b-90d8-997242bbcbaf&#8221; global_colors_info=&#8221;{}&#8221;]<\/p>\n<h4>Jos\u00e9 Luis Gonz\u00e1lez-Esteban. Director.<\/h4>\n<p>[\/et_pb_text][et_pb_text _builder_version=&#8221;4.17.4&#8243; _module_preset=&#8221;74d628be-e3fb-4f40-a4e2-05997430a9e4&#8243; global_colors_info=&#8221;{}&#8221;]<\/p>\n<p>Doctor en Periodismo por la Universidad Complutense de Madrid (1999), m\u00e1ster en Derecho Comunitario y Uni\u00f3n Europea por la UCLM, y ejerce desde 2005 como profesor titular de Periodismo de la Universidad Miguel Hern\u00e1ndez de Elche, donde imparte docencia en el Grado de Periodismo, Doble Grado de Periodismo y Comunicaci\u00f3n Audiovisual (Periodismo Pol\u00edtico Internacional), en el M\u00e1ster de Innovaci\u00f3n en Periodismo (Contenidos), M\u00e1ster de Profesorado (Alfabetizaci\u00f3n Medi\u00e1tica) y en el programa de Doctorado de Ciencias Sociales y Jur\u00eddicas (Divulgaci\u00f3n Cient\u00edfica) de la UMH. En el plano docente ha sido premiado en el Programa Docentia de excelencia docente en cinco bienios. Tambi\u00e9n ha ejercido la docencia en la Universidad de Castilla-La Mancha y en la Universidad CEU-Cardenal Herrera, y ha sido profesor invitado en distintas universidades de M\u00e9xico, Polonia, Argentina y Estados Unidos. En la faceta investigadora, el profesor Gonz\u00e1lez acredita tres sexenios de investigaci\u00f3n evaluados positivamente. Ha participado y coordinado equipos de investigaci\u00f3n de distintos proyectos internacionales, nacionales y auton\u00f3micos (Comunitat Valenciana) adem\u00e1s de haber dirigido siete tesis doctorales y tener dos m\u00e1s en proceso de defensa para el a\u00f1o 2024. En cuanto a la gesti\u00f3n universitaria, Jos\u00e9 Luis Gonz\u00e1lez-Esteban ha sido durante ocho a\u00f1os vicedecano responsable de la direcci\u00f3n del Grado de Periodismo en la UMH, y desde 2014 hasta 2024 ha ejercido como vicerrector Adjunto de Proyecci\u00f3n y Comunicaci\u00f3n Internacional de la UMH, siendo director de la revista y del programa radiof\u00f3nico Global UMH. Adem\u00e1s es coordinador acad\u00e9mico del programa de acogida de periodistas en situaci\u00f3n de riesgo: UMH-RSF espacio seguro para la Libertad de Prensa y desde 2023 coordina la C\u00e1tedra UMH de Prospectiva y An\u00e1lisis del Audiovisual. Como profesional, ejerci\u00f3 el periodismo desde 1992 a 2004 en el Grupo Vocento, como redactor del diario La Verdad y colaborador en pol\u00edtica internacional para el diario ABC.<\/p>\n<p>[\/et_pb_text][et_pb_text admin_label=&#8221;Subt\u00edtulo&#8221; _builder_version=&#8221;4.17.4&#8243; _module_preset=&#8221;8e6c24d3-373d-417b-90d8-997242bbcbaf&#8221; global_colors_info=&#8221;{}&#8221;]<\/p>\n<h4>Carmen Mar\u00eda L\u00f3pez-Rico. Subdirectora<\/h4>\n<p>[\/et_pb_text][et_pb_text _builder_version=&#8221;4.17.4&#8243; _module_preset=&#8221;74d628be-e3fb-4f40-a4e2-05997430a9e4&#8243; global_colors_info=&#8221;{}&#8221;]<\/p>\n<p>Doctora en Periodismo (2012) en la Universidad Miguel Hern\u00e1ndez. Desde 2017 es profesora en dicha universidad donde ha impartido distintas asignaturas, entre ellas \u00c9tica y Deontolog\u00eda Profesional tanto en el Grado de Periodismo como en el Doble Grado de Comunicaci\u00f3n Audiovisual y Periodismo y Divulgaci\u00f3n cient\u00edfica en el programa de Doctorado de Ciencias Sociales y Jur\u00eddicas. Tambi\u00e9n ha sido docente en el Grado y M\u00e1ster del Instituto Mediterr\u00e1neo de Estudios de Protocolo IMEP y ha sido profesora invitada en la Universidad Aut\u00f3noma de Baja California (M\u00e9xico) y la Universidad de Texas San Antonio (EE.UU.).<\/p>\n<p>Con un sexenio reconocido, sus investigaciones se han desarrollado entorno al tratamiento informativo \u00e9tico de los medios en periodos electorales, sobre minor\u00edas y temas relacionados con los Derechos Humanos. Ha formado parte de varios grupos de investigaci\u00f3n consolidados con la Universidad de Valencia y la Universidad de M\u00e1laga.<\/p>\n<p>[\/et_pb_text][et_pb_text admin_label=&#8221;Subt\u00edtulo&#8221; _builder_version=&#8221;4.17.4&#8243; _module_preset=&#8221;8e6c24d3-373d-417b-90d8-997242bbcbaf&#8221; global_colors_info=&#8221;{}&#8221;]<\/p>\n<h4>Equipo de trabajo<\/h4>\n<p>[\/et_pb_text][et_pb_text _builder_version=&#8221;4.17.4&#8243; _module_preset=&#8221;74d628be-e3fb-4f40-a4e2-05997430a9e4&#8243; global_colors_info=&#8221;{}&#8221;]<\/p>\n<p><strong>Lis Gaibar Garc\u00eda<\/strong>. Profesora Asociada Periodismo UMH. Investigadora, periodista, coordinadora del programa de la UMH en su sede de Ruanda.<\/p>\n<p><strong>Federico Sabater Quinto<\/strong>. Soci\u00f3logo. Investigador UMH.<\/p>\n<p>[\/et_pb_text][\/et_pb_column][\/et_pb_row][\/et_pb_section][et_pb_section fb_built=&#8221;1&#8243; admin_label=&#8221;Footer&#8221; _builder_version=&#8221;4.17.4&#8243; _module_preset=&#8221;default&#8221; background_color_gradient_direction=&#8221;90deg&#8221; background_image=&#8221;https:\/\/seminariokapu.umh.es\/files\/2024\/07\/kapuscinski.jpg&#8221; parallax=&#8221;on&#8221; custom_padding=&#8221;0px||0px||true|false&#8221; saved_tabs=&#8221;all&#8221; locked=&#8221;off&#8221; collapsed=&#8221;off&#8221; global_colors_info=&#8221;{}&#8221;][et_pb_row column_structure=&#8221;1_2,1_2&#8243; use_custom_gutter=&#8221;on&#8221; gutter_width=&#8221;1&#8243; make_equal=&#8221;on&#8221; admin_label=&#8221;Footer Row&#8221; module_class=&#8221; et_pb_row_fullwidth&#8221; _builder_version=&#8221;4.21.0&#8243; _module_preset=&#8221;default&#8221; width=&#8221;100%&#8221; max_width=&#8221;none&#8221; custom_margin=&#8221;|||&#8221; custom_padding=&#8221;0px||0px||true|false&#8221; animation_style=&#8221;fade&#8221; make_fullwidth=&#8221;on&#8221; global_colors_info=&#8221;{}&#8221;][et_pb_column type=&#8221;1_2&#8243; _builder_version=&#8221;4.21.0&#8243; _module_preset=&#8221;default&#8221; background_color=&#8221;rgba(0,0,0,0.6)&#8221; custom_padding=&#8221;8%|8%|8%|8%|true|true&#8221; global_colors_info=&#8221;{}&#8221;][\/et_pb_column][et_pb_column type=&#8221;1_2&#8243; _builder_version=&#8221;4.21.0&#8243; _module_preset=&#8221;default&#8221; background_color=&#8221;#000000&#8243; custom_padding=&#8221;8%|8%|8%|8%|true|true&#8221; global_colors_info=&#8221;{}&#8221; custom_padding__hover=&#8221;|||&#8221;][et_pb_text admin_label=&#8221;Contacto&#8221; _builder_version=&#8221;4.17.4&#8243; _module_preset=&#8221;a045a0c8-6e1f-4f59-b3fd-9125515f2b0d&#8221; header_2_text_color=&#8221;#FFFFFF&#8221; custom_margin=&#8221;||30px||false|false&#8221; locked=&#8221;off&#8221; global_colors_info=&#8221;{}&#8221;]<\/p>\n<h2>Contacto<\/h2>\n<p>[\/et_pb_text][et_pb_text admin_label=&#8221;Mail&#8221; _builder_version=&#8221;4.17.4&#8243; _module_preset=&#8221;f6726238-a502-4d1c-a9cb-bdba18bad262&#8243; header_4_text_color=&#8221;gcid-b247d7e9-2bbc-48fc-81a8-3cd1da3da572&#8243; locked=&#8221;off&#8221; global_colors_info=&#8221;{%22gcid-b247d7e9-2bbc-48fc-81a8-3cd1da3da572%22:%91%22header_4_text_color%22%93}&#8221;]<\/p>\n<h4>Correo electr\u00f3nico<\/h4>\n<p>[\/et_pb_text][et_pb_text admin_label=&#8221;Direcci\u00f3n mail&#8221; _builder_version=&#8221;4.17.4&#8243; _module_preset=&#8221;708827fa-bb27-4e56-b616-b7979d738397&#8243; text_text_color=&#8221;#FFFFFF&#8221; link_text_color=&#8221;#FFFFFF&#8221; custom_margin=&#8221;||30px||false|false&#8221; locked=&#8221;off&#8221; global_colors_info=&#8221;{}&#8221;]<\/p>\n<p><a href=\"mailto:seminariokapu@umh.es\">seminariokapu@umh.es<\/a><\/p>\n<p>[\/et_pb_text][et_pb_text admin_label=&#8221;Direcci\u00f3n&#8221; _builder_version=&#8221;4.17.4&#8243; _module_preset=&#8221;f6726238-a502-4d1c-a9cb-bdba18bad262&#8243; header_4_text_color=&#8221;gcid-b247d7e9-2bbc-48fc-81a8-3cd1da3da572&#8243; locked=&#8221;off&#8221; global_colors_info=&#8221;{%22gcid-b247d7e9-2bbc-48fc-81a8-3cd1da3da572%22:%91%22header_4_text_color%22%93}&#8221;]<\/p>\n<h4>Direcci\u00f3n<\/h4>\n<p>[\/et_pb_text][et_pb_text admin_label=&#8221;Direcci\u00f3n postal&#8221; _builder_version=&#8221;4.17.4&#8243; _module_preset=&#8221;708827fa-bb27-4e56-b616-b7979d738397&#8243; text_text_color=&#8221;#FFFFFF&#8221; link_text_color=&#8221;#FFFFFF&#8221; custom_margin=&#8221;||30px||false|false&#8221; locked=&#8221;off&#8221; global_colors_info=&#8221;{}&#8221;]<\/p>\n<p>Edificio Torreblanca, Despacho 10, 2\u00ba planta | Av. de la Universidad, s\/n 03202 Elche-Alicante<\/p>\n<p>[\/et_pb_text][et_pb_text admin_label=&#8221;Redes&#8221; _builder_version=&#8221;4.17.4&#8243; _module_preset=&#8221;f6726238-a502-4d1c-a9cb-bdba18bad262&#8243; header_4_text_color=&#8221;gcid-b247d7e9-2bbc-48fc-81a8-3cd1da3da572&#8243; locked=&#8221;off&#8221; global_colors_info=&#8221;{%22gcid-b247d7e9-2bbc-48fc-81a8-3cd1da3da572%22:%91%22header_4_text_color%22%93}&#8221;]<\/p>\n<h4>Redes Sociales<\/h4>\n<p>[\/et_pb_text][et_pb_text admin_label=&#8221;logos&#8221; _builder_version=&#8221;4.17.4&#8243; _module_preset=&#8221;708827fa-bb27-4e56-b616-b7979d738397&#8243; text_text_color=&#8221;#FFFFFF&#8221; link_text_color=&#8221;#FFFFFF&#8221; custom_margin=&#8221;||30px||false|false&#8221; locked=&#8221;off&#8221; global_colors_info=&#8221;{}&#8221; theme_builder_area=&#8221;post_content&#8221;]<\/p>\n<p><a href=\"https:\/\/www.instagram.com\/seminariokapu\/\"><img loading=\"lazy\" class=\"wp-image-540 alignnone \" src=\"https:\/\/seminariokapu.umh.es\/files\/2024\/09\/logo-ig-1-300x300.png\" alt=\"\" width=\"42\" height=\"42\" \/><\/a>\u00a0 <a href=\"https:\/\/bsky.app\/profile\/seminariokapu.bsky.social\"><img loading=\"lazy\" class=\"wp-image-992 alignnone \" src=\"https:\/\/seminariokapu.umh.es\/files\/2025\/01\/blue-sky.png\" alt=\"\" width=\"47\" height=\"47\" srcset=\"https:\/\/seminariokapu.umh.es\/files\/2025\/01\/blue-sky.png 225w, https:\/\/seminariokapu.umh.es\/files\/2025\/01\/blue-sky-150x150.png 150w\" sizes=\"(max-width: 47px) 100vw, 47px\" \/><\/a><\/p>\n<p>[\/et_pb_text][\/et_pb_column][\/et_pb_row][\/et_pb_section]<\/p>\n","protected":false},"excerpt":{"rendered":"<p>Sobre nosotrosSeminario Permanente Internacional de Periodismo y Derechos HumanosRyszard Kapu\u015bci\u0144skiEl SeminarioEl Seminario Permanente Kapuscinski de Periodismo y Derechos Humanos, toma el nombre del periodista y escritor polaco Ryszard Kapuscinski (1932-2007), Premio Pr\u00edncipe de Asturias de Comunicaci\u00f3n y Humanidades (2003). Se trata de una unidad de estudio universitario, debate y transferencia del conocimiento sobre Periodismo, Ciudadan\u00eda [&hellip;]<\/p>\n","protected":false},"author":3,"featured_media":0,"parent":0,"menu_order":0,"comment_status":"closed","ping_status":"closed","template":"","meta":{"_et_pb_use_builder":"on","_et_pb_old_content":"","_et_gb_content_width":"","_links_to":"","_links_to_target":""},"_links":{"self":[{"href":"https:\/\/seminariokapu.umh.es\/en\/wp-json\/wp\/v2\/pages\/149"}],"collection":[{"href":"https:\/\/seminariokapu.umh.es\/en\/wp-json\/wp\/v2\/pages"}],"about":[{"href":"https:\/\/seminariokapu.umh.es\/en\/wp-json\/wp\/v2\/types\/page"}],"author":[{"embeddable":true,"href":"https:\/\/seminariokapu.umh.es\/en\/wp-json\/wp\/v2\/users\/3"}],"replies":[{"embeddable":true,"href":"https:\/\/seminariokapu.umh.es\/en\/wp-json\/wp\/v2\/comments?post=149"}],"version-history":[{"count":0,"href":"https:\/\/seminariokapu.umh.es\/en\/wp-json\/wp\/v2\/pages\/149\/revisions"}],"wp:attachment":[{"href":"https:\/\/seminariokapu.umh.es\/en\/wp-json\/wp\/v2\/media?parent=149"}],"curies":[{"name":"wp","href":"https:\/\/api.w.org\/{rel}","templated":true}]}}