{"id":362,"date":"2024-09-12T12:11:32","date_gmt":"2024-09-12T10:11:32","guid":{"rendered":"https:\/\/seminariokapu.umh.es\/?page_id=362"},"modified":"2025-03-17T13:42:14","modified_gmt":"2025-03-17T12:42:14","slug":"contacto","status":"publish","type":"page","link":"https:\/\/seminariokapu.umh.es\/ca\/contacto\/","title":{"rendered":"Borrador autom\u00e1tico"},"content":{"rendered":"<p>[et_pb_section fb_built=&#8221;1&#8243; admin_label=&#8221;Header&#8221; _builder_version=&#8221;4.17.4&#8243; _module_preset=&#8221;default&#8221; use_background_color_gradient=&#8221;on&#8221; background_color_gradient_stops=&#8221;rgba(0,0,0,0.4) 0%|rgba(0,0,0,0.4) 100%&#8221; background_color_gradient_overlays_image=&#8221;on&#8221; background_image=&#8221;https:\/\/seminariokapu.umh.es\/files\/2024\/09\/FOTO-WEB-Ryszard-Kapuscinski.jpg&#8221; parallax=&#8221;on&#8221; custom_padding=&#8221;8vw||8vw||true|false&#8221; locked=&#8221;off&#8221; collapsed=&#8221;off&#8221; global_colors_info=&#8221;{}&#8221;][et_pb_row _builder_version=&#8221;4.21.0&#8243; _module_preset=&#8221;default&#8221; max_width=&#8221;600px&#8221; global_colors_info=&#8221;{}&#8221;][et_pb_column type=&#8221;4_4&#8243; _builder_version=&#8221;4.21.0&#8243; _module_preset=&#8221;default&#8221; global_colors_info=&#8221;{}&#8221;][et_pb_text _builder_version=&#8221;4.17.4&#8243; _module_preset=&#8221;4502002e-379e-41d9-9c3e-a895b7ea91e5&#8243; header_text_color=&#8221;#FFFFFF&#8221; text_orientation=&#8221;center&#8221; custom_margin=&#8221;||10px||false|false&#8221; global_colors_info=&#8221;{}&#8221;]<\/p>\n<h1>Contacto<\/h1>\n<p>[\/et_pb_text][et_pb_text admin_label=&#8221;Texto&#8221; _builder_version=&#8221;4.17.4&#8243; _module_preset=&#8221;c54eadb2-3138-490f-b13c-254bc870b5ef&#8221; text_text_color=&#8221;#FFFFFF&#8221; text_orientation=&#8221;center&#8221; global_colors_info=&#8221;{}&#8221;]<\/p>\n<p>Si tiene cualquier consulta o sugerencia puede contactar con nosotros<\/p>\n<p>[\/et_pb_text][\/et_pb_column][\/et_pb_row][\/et_pb_section][et_pb_section fb_built=&#8221;1&#8243; admin_label=&#8221;Contact &amp; Subscribe&#8221; _builder_version=&#8221;4.21.0&#8243; _module_preset=&#8221;default&#8221; background_color_gradient_direction=&#8221;90deg&#8221; custom_padding=&#8221;0px||0px||true|false&#8221; locked=&#8221;off&#8221; collapsed=&#8221;off&#8221; global_colors_info=&#8221;{}&#8221;][et_pb_row column_structure=&#8221;1_2,1_2&#8243; use_custom_gutter=&#8221;on&#8221; gutter_width=&#8221;1&#8243; make_equal=&#8221;on&#8221; admin_label=&#8221;Best Beans Row&#8221; module_class=&#8221; et_pb_row_fullwidth&#8221; _builder_version=&#8221;4.17.4&#8243; _module_preset=&#8221;default&#8221; width=&#8221;100%&#8221; max_width=&#8221;none&#8221; custom_margin=&#8221;|||&#8221; custom_padding=&#8221;0px||0px||true|false&#8221; make_fullwidth=&#8221;on&#8221; global_colors_info=&#8221;{}&#8221;][et_pb_column type=&#8221;1_2&#8243; _builder_version=&#8221;4.21.0&#8243; _module_preset=&#8221;default&#8221; custom_padding=&#8221;8%|8%|8%|8%|true|true&#8221; global_colors_info=&#8221;{}&#8221; custom_padding__hover=&#8221;|||&#8221;][et_pb_text _builder_version=&#8221;4.17.4&#8243; _module_preset=&#8221;3c2e9490-9245-4bf1-ab86-ad3f06924c9d&#8221; custom_margin=&#8221;||10px||false|false&#8221; global_colors_info=&#8221;{}&#8221;]<\/p>\n<h2>Env\u00edanos un correo<\/h2>\n<p>[\/et_pb_text][et_pb_contact_form captcha=&#8221;off&#8221; module_id=&#8221;et_pb_contact_form_0&#8243; _builder_version=&#8221;4.21.0&#8243; _module_preset=&#8221;aa286f78-2086-421a-b2cc-1815926be156&#8243; use_border_color=&#8221;on&#8221; border_color=&#8221;#E6E6E6&#8243; form_background_color=&#8221;rgba(0,0,0,0)&#8221; locked=&#8221;off&#8221; global_colors_info=&#8221;{%22gcid-b247d7e9-2bbc-48fc-81a8-3cd1da3da572%22:%91%22button_bg_color%22,%22button_border_color%22%93,%22gcid-cda4471f-892e-4743-849d-2cb3737a1499%22:%91%22button_bg_color__hover%22,%22button_border_color__hover%22%93}&#8221;][et_pb_contact_field field_id=&#8221;Name&#8221; field_title=&#8221;Name&#8221; _builder_version=&#8221;4.16&#8243; _module_preset=&#8221;default&#8221; global_colors_info=&#8221;{}&#8221; button_text_size__hover_enabled=&#8221;off&#8221; button_one_text_size__hover_enabled=&#8221;off&#8221; button_two_text_size__hover_enabled=&#8221;off&#8221; button_text_color__hover_enabled=&#8221;off&#8221; button_one_text_color__hover_enabled=&#8221;off&#8221; button_two_text_color__hover_enabled=&#8221;off&#8221; button_border_width__hover_enabled=&#8221;off&#8221; button_one_border_width__hover_enabled=&#8221;off&#8221; button_two_border_width__hover_enabled=&#8221;off&#8221; button_border_color__hover_enabled=&#8221;off&#8221; button_one_border_color__hover_enabled=&#8221;off&#8221; button_two_border_color__hover_enabled=&#8221;off&#8221; button_border_radius__hover_enabled=&#8221;off&#8221; button_one_border_radius__hover_enabled=&#8221;off&#8221; button_two_border_radius__hover_enabled=&#8221;off&#8221; button_letter_spacing__hover_enabled=&#8221;off&#8221; button_one_letter_spacing__hover_enabled=&#8221;off&#8221; button_two_letter_spacing__hover_enabled=&#8221;off&#8221; button_bg_color__hover_enabled=&#8221;off&#8221; button_one_bg_color__hover_enabled=&#8221;off&#8221; button_two_bg_color__hover_enabled=&#8221;off&#8221;][\/et_pb_contact_field][et_pb_contact_field field_id=&#8221;Email&#8221; field_title=&#8221;Email Address&#8221; field_type=&#8221;email&#8221; _builder_version=&#8221;4.16&#8243; _module_preset=&#8221;default&#8221; global_colors_info=&#8221;{}&#8221; button_text_size__hover_enabled=&#8221;off&#8221; button_one_text_size__hover_enabled=&#8221;off&#8221; button_two_text_size__hover_enabled=&#8221;off&#8221; button_text_color__hover_enabled=&#8221;off&#8221; button_one_text_color__hover_enabled=&#8221;off&#8221; button_two_text_color__hover_enabled=&#8221;off&#8221; button_border_width__hover_enabled=&#8221;off&#8221; button_one_border_width__hover_enabled=&#8221;off&#8221; button_two_border_width__hover_enabled=&#8221;off&#8221; button_border_color__hover_enabled=&#8221;off&#8221; button_one_border_color__hover_enabled=&#8221;off&#8221; button_two_border_color__hover_enabled=&#8221;off&#8221; button_border_radius__hover_enabled=&#8221;off&#8221; button_one_border_radius__hover_enabled=&#8221;off&#8221; button_two_border_radius__hover_enabled=&#8221;off&#8221; button_letter_spacing__hover_enabled=&#8221;off&#8221; button_one_letter_spacing__hover_enabled=&#8221;off&#8221; button_two_letter_spacing__hover_enabled=&#8221;off&#8221; button_bg_color__hover_enabled=&#8221;off&#8221; button_one_bg_color__hover_enabled=&#8221;off&#8221; button_two_bg_color__hover_enabled=&#8221;off&#8221;][\/et_pb_contact_field][et_pb_contact_field field_id=&#8221;Requirements&#8221; field_title=&#8221;Requirement Details&#8221; field_type=&#8221;text&#8221; fullwidth_field=&#8221;on&#8221; _builder_version=&#8221;4.16&#8243; _module_preset=&#8221;default&#8221; global_colors_info=&#8221;{}&#8221; button_text_size__hover_enabled=&#8221;off&#8221; button_one_text_size__hover_enabled=&#8221;off&#8221; button_two_text_size__hover_enabled=&#8221;off&#8221; button_text_color__hover_enabled=&#8221;off&#8221; button_one_text_color__hover_enabled=&#8221;off&#8221; button_two_text_color__hover_enabled=&#8221;off&#8221; button_border_width__hover_enabled=&#8221;off&#8221; button_one_border_width__hover_enabled=&#8221;off&#8221; button_two_border_width__hover_enabled=&#8221;off&#8221; button_border_color__hover_enabled=&#8221;off&#8221; button_one_border_color__hover_enabled=&#8221;off&#8221; button_two_border_color__hover_enabled=&#8221;off&#8221; button_border_radius__hover_enabled=&#8221;off&#8221; button_one_border_radius__hover_enabled=&#8221;off&#8221; button_two_border_radius__hover_enabled=&#8221;off&#8221; button_letter_spacing__hover_enabled=&#8221;off&#8221; button_one_letter_spacing__hover_enabled=&#8221;off&#8221; button_two_letter_spacing__hover_enabled=&#8221;off&#8221; button_bg_color__hover_enabled=&#8221;off&#8221; button_one_bg_color__hover_enabled=&#8221;off&#8221; button_two_bg_color__hover_enabled=&#8221;off&#8221;][\/et_pb_contact_field][\/et_pb_contact_form][\/et_pb_column][et_pb_column type=&#8221;1_2&#8243; _builder_version=&#8221;4.17.4&#8243; _module_preset=&#8221;default&#8221; background_color=&#8221;rgba(61,58,53,0.91)&#8221; background_image=&#8221;https:\/\/seminariokapu.umh.es\/files\/2024\/07\/kapuscinski.jpg&#8221; background_repeat=&#8221;repeat&#8221; background_blend=&#8221;multiply&#8221; custom_padding=&#8221;8%|8%|8%|8%|true|true&#8221; global_colors_info=&#8221;{}&#8221; custom_padding__hover=&#8221;|||&#8221;][et_pb_text admin_label=&#8221;Contacto&#8221; _builder_version=&#8221;4.17.4&#8243; _module_preset=&#8221;a045a0c8-6e1f-4f59-b3fd-9125515f2b0d&#8221; header_2_text_color=&#8221;#FFFFFF&#8221; custom_margin=&#8221;||30px||false|false&#8221; locked=&#8221;off&#8221; global_colors_info=&#8221;{}&#8221;]<\/p>\n<h2>Contacto<\/h2>\n<p>[\/et_pb_text][et_pb_text admin_label=&#8221;Mail&#8221; _builder_version=&#8221;4.17.4&#8243; _module_preset=&#8221;f6726238-a502-4d1c-a9cb-bdba18bad262&#8243; header_4_text_color=&#8221;gcid-b247d7e9-2bbc-48fc-81a8-3cd1da3da572&#8243; locked=&#8221;off&#8221; global_colors_info=&#8221;{%22gcid-b247d7e9-2bbc-48fc-81a8-3cd1da3da572%22:%91%22header_4_text_color%22%93}&#8221;]<\/p>\n<h4>Correo electr\u00f3nico<\/h4>\n<p>[\/et_pb_text][et_pb_text admin_label=&#8221;Direcci\u00f3n mail&#8221; _builder_version=&#8221;4.17.4&#8243; _module_preset=&#8221;708827fa-bb27-4e56-b616-b7979d738397&#8243; text_text_color=&#8221;#FFFFFF&#8221; link_text_color=&#8221;#FFFFFF&#8221; custom_margin=&#8221;||30px||false|false&#8221; locked=&#8221;off&#8221; global_colors_info=&#8221;{}&#8221;]<\/p>\n<p><a href=\"mailto:seminariokapu@umh.es\">seminariokapu@umh.es<\/a><\/p>\n<p>[\/et_pb_text][et_pb_text admin_label=&#8221;Direcci\u00f3n&#8221; _builder_version=&#8221;4.17.4&#8243; _module_preset=&#8221;f6726238-a502-4d1c-a9cb-bdba18bad262&#8243; header_4_text_color=&#8221;gcid-b247d7e9-2bbc-48fc-81a8-3cd1da3da572&#8243; locked=&#8221;off&#8221; global_colors_info=&#8221;{%22gcid-b247d7e9-2bbc-48fc-81a8-3cd1da3da572%22:%91%22header_4_text_color%22%93}&#8221;]<\/p>\n<h4>Direcci\u00f3n<\/h4>\n<p>[\/et_pb_text][et_pb_text admin_label=&#8221;Direcci\u00f3n postal&#8221; _builder_version=&#8221;4.17.4&#8243; _module_preset=&#8221;708827fa-bb27-4e56-b616-b7979d738397&#8243; text_text_color=&#8221;#FFFFFF&#8221; link_text_color=&#8221;#FFFFFF&#8221; custom_margin=&#8221;||30px||false|false&#8221; locked=&#8221;off&#8221; global_colors_info=&#8221;{}&#8221;]<\/p>\n<p>Edificio Torreblanca, Despacho 10, 2\u00ba planta | Av. de la Universidad, s\/n 03202 Elche-Alicante<\/p>\n<p>[\/et_pb_text][et_pb_text admin_label=&#8221;Redes&#8221; _builder_version=&#8221;4.17.4&#8243; _module_preset=&#8221;f6726238-a502-4d1c-a9cb-bdba18bad262&#8243; header_4_text_color=&#8221;gcid-b247d7e9-2bbc-48fc-81a8-3cd1da3da572&#8243; locked=&#8221;off&#8221; global_colors_info=&#8221;{%22gcid-b247d7e9-2bbc-48fc-81a8-3cd1da3da572%22:%91%22header_4_text_color%22%93}&#8221;]<\/p>\n<h4>Redes Sociales<\/h4>\n<p>[\/et_pb_text][et_pb_text admin_label=&#8221;logos&#8221; _builder_version=&#8221;4.17.4&#8243; _module_preset=&#8221;708827fa-bb27-4e56-b616-b7979d738397&#8243; text_text_color=&#8221;#FFFFFF&#8221; link_text_color=&#8221;#FFFFFF&#8221; custom_margin=&#8221;||30px||false|false&#8221; locked=&#8221;off&#8221; global_colors_info=&#8221;{}&#8221; theme_builder_area=&#8221;post_content&#8221;]<\/p>\n<p><a href=\"https:\/\/www.instagram.com\/seminariokapu\/\"><img loading=\"lazy\" class=\"wp-image-540 alignnone \" src=\"https:\/\/seminariokapu.umh.es\/files\/2024\/09\/logo-ig-1-300x300.png\" alt=\"\" width=\"42\" height=\"42\" \/><\/a>\u00a0 <a href=\"https:\/\/bsky.app\/profile\/seminariokapu.bsky.social\"><img loading=\"lazy\" class=\"wp-image-992 alignnone \" src=\"https:\/\/seminariokapu.umh.es\/files\/2025\/01\/blue-sky.png\" alt=\"\" width=\"47\" height=\"47\" srcset=\"https:\/\/seminariokapu.umh.es\/files\/2025\/01\/blue-sky.png 225w, https:\/\/seminariokapu.umh.es\/files\/2025\/01\/blue-sky-150x150.png 150w\" sizes=\"(max-width: 47px) 100vw, 47px\" \/><\/a><\/p>\n<p>[\/et_pb_text][\/et_pb_column][\/et_pb_row][\/et_pb_section]<\/p>\n","protected":false},"excerpt":{"rendered":"<p>ContactoSi tiene cualquier consulta o sugerencia puede contactar con nosotrosEnv\u00edanos un correoContactoCorreo electr\u00f3nicoseminariokapu@umh.esDirecci\u00f3nEdificio Torreblanca, Despacho 10, 2\u00ba planta | Av. de la Universidad, s\/n 03202 Elche-AlicanteRedes Sociales\u00a0<\/p>\n","protected":false},"author":3,"featured_media":0,"parent":0,"menu_order":0,"comment_status":"closed","ping_status":"closed","template":"","meta":{"_et_pb_use_builder":"on","_et_pb_old_content":"","_et_gb_content_width":"","_links_to":"","_links_to_target":""},"_links":{"self":[{"href":"https:\/\/seminariokapu.umh.es\/ca\/wp-json\/wp\/v2\/pages\/362"}],"collection":[{"href":"https:\/\/seminariokapu.umh.es\/ca\/wp-json\/wp\/v2\/pages"}],"about":[{"href":"https:\/\/seminariokapu.umh.es\/ca\/wp-json\/wp\/v2\/types\/page"}],"author":[{"embeddable":true,"href":"https:\/\/seminariokapu.umh.es\/ca\/wp-json\/wp\/v2\/users\/3"}],"replies":[{"embeddable":true,"href":"https:\/\/seminariokapu.umh.es\/ca\/wp-json\/wp\/v2\/comments?post=362"}],"version-history":[{"count":0,"href":"https:\/\/seminariokapu.umh.es\/ca\/wp-json\/wp\/v2\/pages\/362\/revisions"}],"wp:attachment":[{"href":"https:\/\/seminariokapu.umh.es\/ca\/wp-json\/wp\/v2\/media?parent=362"}],"curies":[{"name":"wp","href":"https:\/\/api.w.org\/{rel}","templated":true}]}}